{"id":187,"date":"2023-01-10T12:27:16","date_gmt":"2023-01-10T11:27:16","guid":{"rendered":"http:\/\/test.memorypass.fr\/?page_id=187"},"modified":"2024-12-17T15:13:47","modified_gmt":"2024-12-17T14:13:47","slug":"conditions_generales_de_vente","status":"publish","type":"page","link":"https:\/\/www.memorypass.fr\/index.php\/conditions_generales_de_vente\/","title":{"rendered":"Conditions G\u00e9n\u00e9rales de Vente"},"content":{"rendered":"\n<div class=\"wp-block-group is-nowrap is-layout-flex wp-container-core-group-is-layout-ad2f72ca wp-block-group-is-layout-flex\">\n<figure class=\"wp-block-image\"><img decoding=\"async\" src=\"https:\/\/www.memorypass.fr\/wp-content\/uploads\/2023\/05\/Logo_MemoryPASS_wx_inverse.svg\" alt=\"Ic\u00f4ne du site\"\/><\/figure>\n\n\n\n<p>Entre la Soci\u00e9t\u00e9 S\u00e9curisauve SAS,<br>14 rue Jean Bousquet 32500 FLEURANCE,<br>au Capital Social de 60 000 \u20ac,<br>immatricul\u00e9e au Registre du Commerce et des Soci\u00e9t\u00e9s de AUCH,<br>sous le num\u00e9ro SIRET 123456789,<br>repr\u00e9sent\u00e9e par M. Nicolas MARCHAND en qualit\u00e9 de directeur g\u00e9n\u00e9ral, dument habilit\u00e9 aux fins des pr\u00e9sentes.<br>La soci\u00e9t\u00e9 peut \u00eatre jointe par email en cliquant sur le formulaire de contact accessible via la page d&#8217;accueil du site.<\/p>\n<\/div>\n\n\n\n<p>Ci-apr\u00e8s le \u00ab Vendeur \u00bb ou la \u00ab Soci\u00e9t\u00e9 \u00bb.<\/p>\n\n\n\n<p>D&#8217;une part,<\/p>\n\n\n\n<p>Et la personne physique ou morale proc\u00e9dant \u00e0 l&#8217;achat de produits ou services de la soci\u00e9t\u00e9,<\/p>\n\n\n\n<p>Ci-apr\u00e8s, \u00ab l&#8217;Acheteur \u00bb, ou \u00ab le Client \u00bb<\/p>\n\n\n\n<p>D&#8217;autre part,<\/p>\n\n\n\n<p>Il a \u00e9t\u00e9 expos\u00e9 et convenu ce qui suit :<\/p>\n\n\n\n<h4 class=\"wp-block-heading\">Pr\u00e9ambule<\/h4>\n\n\n\n<p>Le Vendeur est \u00e9diteur du logiciel gestionnaire de mots de passe MemoryPASS et du service de sauvegarde par abonnement attach\u00e9 \u00e0 celui-ci \u00e0 destination de consommateurs, commercialis\u00e9s par l&#8217; interm\u00e9diaire de son site internet www.memorypass.fr. Le descriptif du logiciel MemoryPASS et son service de sauvegarde par abonnement propos\u00e9s par la Soci\u00e9t\u00e9 peuvent \u00eatre consult\u00e9s sur le site susmentionn\u00e9.<\/p>\n\n\n\n<h4 class=\"wp-block-heading\">Article 1 : Objet<\/h4>\n\n\n\n<p>Les pr\u00e9sentes Conditions G\u00e9n\u00e9rales de Vente d\u00e9terminent les droits et obligations des parties dans le cadre de la vente en ligne dudit logiciel et de son service de sauvegarde propos\u00e9s par le Vendeur et ci-apr\u00e8s d\u00e9nomm\u00e9s Produits et Services.<\/p>\n\n\n\n<h4 class=\"wp-block-heading\">Article 2 : Dispositions g\u00e9n\u00e9rales<\/h4>\n\n\n\n<p>Les pr\u00e9sentes Conditions G\u00e9n\u00e9rales de Vente (CGV) s&#8217;appliquent \u00e0 toutes les ventes de Produits, effectu\u00e9es au travers du site internet de la Soci\u00e9t\u00e9 qui sont partie int\u00e9grante du Contrat entre l&#8217;Acheteur et le Vendeur. Le Vendeur se r\u00e9serve la possibilit\u00e9 de modifier les pr\u00e9sentes, \u00e0 tout moment par la publication d&#8217;une nouvelle version sur son site internet. Les CGV applicables alors sont celles \u00e9tant en vigueur \u00e0 la date du paiement (ou du premier paiement en cas de paiements multiples) de la commande. Ces CGV sont consultables sur le site Internet de la Soci\u00e9t\u00e9 \u00e0 l&#8217;adresse suivante : www.memorypass.fr\/cgv.html. La Soci\u00e9t\u00e9 s&#8217;assure \u00e9galement que leur acceptation soit claire et sans r\u00e9serve en mettant en place une case \u00e0 cocher et un clic de validation. Le Client d\u00e9clare avoir pris connaissance de l&#8217;ensemble des pr\u00e9sentes Conditions G\u00e9n\u00e9rales de Vente, et le cas \u00e9ch\u00e9ant des Conditions Particuli\u00e8res de Vente li\u00e9es \u00e0 un produit ou \u00e0 un service, et les accepter sans restriction ni r\u00e9serve. Le Client reconnait qu&#8217;il a b\u00e9n\u00e9fici\u00e9 des conseils et informations n\u00e9cessaires afin de s&#8217;assurer de l&#8217;ad\u00e9quation de l&#8217;offre \u00e0 ses besoins. Le Client d\u00e9clare \u00eatre en mesure de contracter l\u00e9galement en vertu des lois fran\u00e7aises ou valablement repr\u00e9senter la personne physique ou morale pour laquelle il s&#8217;engage. Sauf preuve contraire les informations enregistr\u00e9es par la Soci\u00e9t\u00e9 constituent la preuve de l&#8217;ensemble des transactions.<\/p>\n\n\n\n<h4 class=\"wp-block-heading\">Article 3 : Prix<\/h4>\n\n\n\n<p>Les prix des produits vendus au travers des sites Internet sont indiqu\u00e9s en Euros hors taxes et pr\u00e9cis\u00e9ment d\u00e9termin\u00e9s sur les pages de descriptifs des Produits. Ils sont \u00e9galement indiqu\u00e9s en euros toutes taxes comprises (TVA + autres taxes \u00e9ventuelles) sur la page de commande des produits, et hors frais sp\u00e9cifiques d&#8217;exp\u00e9dition. Pour tous les produits exp\u00e9di\u00e9s hors Union europ\u00e9enne et\/ou DOM-TOM, le prix est calcul\u00e9 hors taxes automatiquement sur la facture. Des droits de douane ou autres taxes locales ou droits d&#8217;importation ou taxes d&#8217;\u00e9tat sont susceptibles d&#8217;\u00eatre exigibles dans certains cas. Ces droits et sommes ne rel\u00e8vent pas du ressort du Vendeur. Ils seront \u00e0 la charge de l&#8217;acheteur et rel\u00e8vent de sa responsabilit\u00e9 (d\u00e9clarations, paiement aux autorit\u00e9s comp\u00e9tentes, etc.). Le Vendeur invite \u00e0 ce titre l&#8217;acheteur \u00e0 se renseigner sur ces aspects aupr\u00e8s des autorit\u00e9s locales correspondantes. La Soci\u00e9t\u00e9 se r\u00e9serve la possibilit\u00e9 de modifier ses prix \u00e0 tout moment pour l&#8217;avenir. Les frais de t\u00e9l\u00e9communication n\u00e9cessaires \u00e0 l&#8217;acc\u00e8s aux sites Internet de la Soci\u00e9t\u00e9 sont \u00e0 la charge du Client. Le cas \u00e9ch\u00e9ant \u00e9galement, les frais de livraison.<\/p>\n\n\n\n<h4 class=\"wp-block-heading\">Article 4 : Conclusion du contrat en ligne<\/h4>\n\n\n\n<p>Le Client devra suivre une s\u00e9rie d&#8217;\u00e9tapes sp\u00e9cifiques \u00e0 chaque Produit offert par le Vendeur pour pouvoir r\u00e9aliser sa commande. Toutefois, les \u00e9tapes d\u00e9crites ci-apr\u00e8s sont syst\u00e9matiques : \u2013 Information sur les caract\u00e9ristiques essentielles du Produit ; \u2013 Choix du Produit, le cas \u00e9ch\u00e9ant de ses options et indication des donn\u00e9es essentielles du Client (identification, adresse\u2026) ; \u2013 Acceptation des pr\u00e9sentes Conditions G\u00e9n\u00e9rales de Vente ; \u2013 V\u00e9rification des \u00e9l\u00e9ments de la commande et, le cas \u00e9ch\u00e9ant, correction des erreurs ; \u2013 Suivi des instructions pour le paiement, et paiement des produits. \u2013 Livraison des produits. Le Client recevra alors confirmation par courrier \u00e9lectronique du paiement de la commande, ainsi qu&#8217;un accus\u00e9 de r\u00e9ception de la commande la confirmant. Pour les produits livr\u00e9s, cette livraison se fera \u00e0 l&#8217;adresse indiqu\u00e9e par le Client. Aux fins de bonne r\u00e9alisation de la commande, et conform\u00e9ment \u00e0 l&#8217;article 1316-1 du Code civil, le Client s&#8217;engage \u00e0 fournir ses \u00e9l\u00e9ments d&#8217;identification v\u00e9ridiques. Le Vendeur se r\u00e9serve la possibilit\u00e9 de refuser la commande, par exemple pour toute demande anormale, r\u00e9alis\u00e9e de mauvaise foi ou pour tout motif l\u00e9gitime.<\/p>\n\n\n\n<h4 class=\"wp-block-heading\">Article 5 : Produits et services<\/h4>\n\n\n\n<p>Les caract\u00e9ristiques essentielles des biens, des services et leurs prix respectifs sont mis \u00e0 disposition de l&#8217;acheteur sur le site internet de la soci\u00e9t\u00e9. Le client atteste avoir re\u00e7u un d\u00e9tail des frais de livraison ainsi que les modalit\u00e9s de paiement, de livraison et d&#8217;ex\u00e9cution du contrat. Le Vendeur s&#8217;engage \u00e0 honorer la commande du Client dans la limite des stocks de Produits disponibles uniquement. A d\u00e9faut, le Vendeur en informe le Client. Ces informations contractuelles sont pr\u00e9sent\u00e9es en d\u00e9tail et en langue fran\u00e7aise. Conform\u00e9ment \u00e0 la loi fran\u00e7aise, elles font l&#8217;objet d&#8217;un r\u00e9capitulatif et d&#8217;une confirmation lors de la validation de la commande. Les parties conviennent que les illustrations ou photos des produits offerts \u00e0 la vente n&#8217;ont pas de valeur contractuelle. La dur\u00e9e de validit\u00e9 de l&#8217;offre des Produits ainsi que leurs prix est pr\u00e9cis\u00e9e sur le site internet de la Soci\u00e9t\u00e9, ainsi que la dur\u00e9e minimale des contrats propos\u00e9s lorsque ceux-ci portent sur une fourniture continue ou p\u00e9riodique de produits ou services. Sauf conditions particuli\u00e8res, les droits conc\u00e9d\u00e9s au titre des pr\u00e9sentes le sont uniquement \u00e0 la personne physique signataire de la commande (ou la personne titulaire de l&#8217;adresse email communiqu\u00e9e). Conform\u00e9ment aux dispositions l\u00e9gales en mati\u00e8re de conformit\u00e9 et de vices cach\u00e9s, le Vendeur rembourse ou \u00e9change les produits d\u00e9fectueux ou ne correspondant pas \u00e0 la commande. Le remboursement peut \u00eatre demand\u00e9 de la mani\u00e8re suivante : Le Produit doit \u00eatre retourn\u00e9 par voie postale et \u00e0 la charge du Client dans son emballage d&#8217;origine accompagn\u00e9 d&#8217;un courrier justifiant de la non-conformit\u00e9, du vice cach\u00e9 ou de la d\u00e9fectuosit\u00e9.<\/p>\n\n\n\n<h4 class=\"wp-block-heading\">Article 6 : Clause de r\u00e9serve de propri\u00e9t\u00e9<\/h4>\n\n\n\n<p>Les produits demeurent la propri\u00e9t\u00e9 de la Soci\u00e9t\u00e9 jusqu&#8217;au complet paiement du prix.<\/p>\n\n\n\n<h4 class=\"wp-block-heading\">Article 7 : Modalit\u00e9s de livraison<\/h4>\n\n\n\n<p>Les produits sont livr\u00e9s \u00e0 l&#8217;adresse qui a \u00e9t\u00e9 indiqu\u00e9e lors de la commande sous un d\u00e9lai de 7 jours ouvr\u00e9s. Ce d\u00e9lai ne prend pas en compte le d\u00e9lai de pr\u00e9paration de la commande. En cas de retard de livraison, le Client dispose de la possibilit\u00e9 de r\u00e9soudre le contrat dans les conditions et modalit\u00e9s d\u00e9finies \u00e0 l&#8217;Article L 138-2 du Code de la consommation. Le Vendeur proc\u00e8de alors au remboursement du produit et aux frais \u00ab aller \u00bb dans les conditions de l&#8217;Article L 138-3 du Code de la consommation. Le Vendeur met \u00e0 disposition un point de contact t\u00e9l\u00e9phonique (cout d&#8217;une communication locale \u00e0 partir d&#8217;un poste fixe) indiqu\u00e9 dans l&#8217;email de confirmation de commande afin d&#8217;assurer le suivi de la commande. Le Vendeur rappelle qu&#8217;au moment o\u00f9 le Client pend possession physiquement des produits, les risques de perte ou d&#8217;endommagement des produits lui est transf\u00e9r\u00e9. Il appartient au Client de notifier au transporteur toute r\u00e9serves sur le produit livr\u00e9.<\/p>\n\n\n\n<h4 class=\"wp-block-heading\">Article 8 : Disponibilit\u00e9 et pr\u00e9sentation<\/h4>\n\n\n\n<p>Les commandes seront trait\u00e9es dans la limite de nos stocks disponibles ou sous r\u00e9serve des stocks disponibles chez nos fournisseurs. En cas d&#8217;indisponibilit\u00e9 d&#8217;un article pour une p\u00e9riode sup\u00e9rieure \u00e0 7 jours ouvr\u00e9s, vous serez imm\u00e9diatement pr\u00e9venu des d\u00e9lais pr\u00e9visibles de livraison et la commande de cet article pourra \u00eatre annul\u00e9e sur simple demande. Le Client pourra alors demander un avoir pour le montant de l&#8217;article ou son remboursement.<\/p>\n\n\n\n<h4 class=\"wp-block-heading\">Article 9 : Paiement<\/h4>\n\n\n\n<p>Le paiement est exigible imm\u00e9diatement \u00e0 la commande, y compris pour les produits en pr\u00e9commande. Le Client peut effectuer le r\u00e8glement par carte de paiement ou ch\u00e8que bancaire. Les cartes \u00e9mises par des banques domicili\u00e9es hors de France doivent obligatoirement \u00eatre des cartes bancaires internationales (Mastercard ou Visa). Le paiement s\u00e9curis\u00e9 en ligne par carte bancaire est r\u00e9alis\u00e9 par et sur le site internet notre prestataire de paiement. Aucune information concernant le paiement n&#8217;est enregistr\u00e9e sur le site internet de la Soci\u00e9t\u00e9. Une fois le paiement lanc\u00e9 par le Client, la transaction est imm\u00e9diatement d\u00e9bit\u00e9e apr\u00e8s v\u00e9rification des informations. Conform\u00e9ment aux dispositions du Code mon\u00e9taire et financier, l&#8217;engagement de payer donn\u00e9 par carte est irr\u00e9vocable. En communiquant ses informations bancaires lors de la vente, le Client autorise le Vendeur \u00e0 d\u00e9biter sa carte du montant relatif au prix indiqu\u00e9. Le Client confirme qu&#8217;il est bien le titulaire l\u00e9gal de la carte \u00e0 d\u00e9biter et qu&#8217;il est l\u00e9galement en droit d&#8217;en faire usage. En cas d&#8217;erreur, ou d&#8217;impossibilit\u00e9 de d\u00e9biter la carte, la Vente est imm\u00e9diatement r\u00e9solue de plein droit et la commande annul\u00e9e.<\/p>\n\n\n\n<h4 class=\"wp-block-heading\">Article 10 : D\u00e9lai de r\u00e9tractation<\/h4>\n\n\n\n<p>Conform\u00e9ment \u00e0 l&#8217;article L. 121-21 du Code de la consommation, le consommateur dispose d&#8217;un d\u00e9lai de quatorze jours francs pour exercer son droit de r\u00e9tractation sans avoir \u00e0 justifier de motifs ni \u00e0 payer de p\u00e9nalit\u00e9s, \u00e0 l&#8217;exception, le cas \u00e9ch\u00e9ant, des frais de retour. Le d\u00e9lai mentionn\u00e9 \u00e0 l&#8217;alin\u00e9a pr\u00e9c\u00e9dent court \u00e0 compter de la r\u00e9ception pour les biens ou de l&#8217;acceptation de l&#8217;offre pour les prestations de services \u00bb. Le droit de r\u00e9tractation peut \u00eatre exerc\u00e9 en contactant la Soci\u00e9t\u00e9 par voie postale. En cas d&#8217;exercice du droit de r\u00e9tractation dans le d\u00e9lai susmentionn\u00e9, seul le prix du ou des produits achet\u00e9s et les frais d&#8217;envoi seront rembours\u00e9s, les frais de retour restent \u00e0 la charge du Client. Les retours des produits sont \u00e0 effectuer dans leur \u00e9tat d&#8217;origine et complets (emballage, accessoires, notice\u2026) de sorte qu&#8217;ils puissent \u00eatre recommercialis\u00e9s \u00e0 l&#8217;\u00e9tat neuf ; ils doivent si possible \u00eatre accompagn\u00e9s d&#8217;une copie du justificatif d&#8217;achat.<\/p>\n\n\n\n<h4 class=\"wp-block-heading\">Article 11 : Garanties<\/h4>\n\n\n\n<p>Conform\u00e9ment \u00e0 la loi, le Vendeur assume deux garanties : de conformit\u00e9 et relative aux vices cach\u00e9s des produits. Le Vendeur rembourse l&#8217;acheteur ou \u00e9change les produits apparemment d\u00e9fectueux ou ne correspondant pas \u00e0 la commande effectu\u00e9e. La demande de remboursement doit s&#8217;effectuer aupr\u00e8s de la Soci\u00e9t\u00e9 par voie postale. Le Vendeur rappelle que le consommateur : \u2013 dispose d&#8217;un d\u00e9lai de 2 ans \u00e0 compter de la d\u00e9livrance du bien pour agir aupr\u00e8s du Vendeur \u2013 qu&#8217;il peut choisir entre le remplacement et la r\u00e9paration du bien sous r\u00e9serve des conditions pr\u00e9vues par les dispositions susmentionn\u00e9es apparemment d\u00e9fectueux ou ne correspondant pas au descriptif\u2013 qu&#8217;il est dispens\u00e9 d&#8217;apporter la preuve l&#8217;existence du d\u00e9faut de conformit\u00e9 du bien durant les six mois suivant la d\u00e9livrance du bien. \u2013 que, sauf biens d&#8217;occasion, ce d\u00e9lai sera port\u00e9 \u00e0 24 mois \u00e0 compter du 18 mars 2016 \u2013 que le consommateur peut \u00e9galement faire valoir la garantie contre les vices cach\u00e9s de la chose vendue au sens de l&#8217;article 1641 du code civil et, dans cette hypoth\u00e8se, il peut choisir entre la r\u00e9solution de la vente ou une r\u00e9duction du prix de vente (dispositions des articles 1644 du Code Civil).<\/p>\n\n\n\n<h4 class=\"wp-block-heading\">Article 12 : R\u00e9clamations<\/h4>\n\n\n\n<p>Le cas \u00e9ch\u00e9ant, l&#8217;Acheteur peut pr\u00e9senter toute r\u00e9clamation en contactant la soci\u00e9t\u00e9 par voie postale.<\/p>\n\n\n\n<h4 class=\"wp-block-heading\">Article 13 : Droits de propri\u00e9t\u00e9 intellectuelle<\/h4>\n\n\n\n<p>Les marques, noms de domaines, produits, logiciels, images, vid\u00e9os, textes ou plus g\u00e9n\u00e9ralement toute information objet de droits de propri\u00e9t\u00e9 intellectuelle sont et restent la propri\u00e9t\u00e9 exclusive du vendeur. Aucune cession de droits de propri\u00e9t\u00e9 intellectuelle n&#8217;est r\u00e9alis\u00e9e au travers des pr\u00e9sentes CGV. Toute reproduction totale ou partielle, modification ou utilisation de ces biens pour quelque motif que ce soit est strictement interdite.<\/p>\n\n\n\n<h4 class=\"wp-block-heading\">Article 14 : Force majeure<\/h4>\n\n\n\n<p>L&#8217;ex\u00e9cution des obligations du vendeur au terme des pr\u00e9sentes est suspendue en cas de survenance d&#8217;un cas fortuit ou de force majeure qui en emp\u00eacherait l&#8217;ex\u00e9cution. Le vendeur avisera le client de la survenance d&#8217;un tel \u00e9v\u00e8nement d\u00e8s que possible.<\/p>\n\n\n\n<h4 class=\"wp-block-heading\">Article 15 : nullit\u00e9 et modification du contrat<\/h4>\n\n\n\n<p>Si l&#8217;une des stipulations du pr\u00e9sent contrat \u00e9tait annul\u00e9e, cette nullit\u00e9 n&#8217;entrainerait pas la nullit\u00e9 des autres stipulations qui demeureront en vigueur entre les parties. Toute modification contractuelle n&#8217;est valable qu&#8217;apr\u00e8s un accord \u00e9crit et sign\u00e9 des parties.<\/p>\n\n\n\n<h4 class=\"wp-block-heading\">Article 16 : Protection des donn\u00e9es personnelles<\/h4>\n\n\n\n<p>Conform\u00e9ment \u00e0 la Loi Informatique et Libert\u00e9s du 6 janvier 1978, vous disposez des droits d&#8217;interrogation, d&#8217;acc\u00e8s, de modification, d&#8217;opposition et de rectification sur les donn\u00e9es personnelles vous concernant. En adh\u00e9rant \u00e0 ces conditions g\u00e9n\u00e9rales de vente, vous consentez \u00e0 ce que nous collections et utilisions ces donn\u00e9es pour la r\u00e9alisation du pr\u00e9sent contrat.<\/p>\n\n\n\n<h4 class=\"wp-block-heading\">Article 17 : Droit applicable<\/h4>\n\n\n\n<p>Toutes les clauses figurant dans les pr\u00e9sentes conditions g\u00e9n\u00e9rales de vente, ainsi que toutes les op\u00e9rations d&#8217;achat et de vente qui y sont vis\u00e9es, seront soumises au droit fran\u00e7ais.<\/p>\n","protected":false},"excerpt":{"rendered":"<p>Entre la Soci\u00e9t\u00e9 S\u00e9curisauve SAS,14 rue Jean Bousquet 32500 FLEURANCE,au Capital Social de 60 000 \u20ac,immatricul\u00e9e au Registre du Commerce et des Soci\u00e9t\u00e9s de AUCH,sous le num\u00e9ro SIRET 123456789,repr\u00e9sent\u00e9e par M. Nicolas MARCHAND en qualit\u00e9 de directeur g\u00e9n\u00e9ral, dument habilit\u00e9 aux fins des pr\u00e9sentes.La soci\u00e9t\u00e9 peut \u00eatre jointe par email en cliquant sur le formulaire &#8230; <a title=\"Conditions G\u00e9n\u00e9rales de Vente\" class=\"read-more\" href=\"https:\/\/www.memorypass.fr\/index.php\/conditions_generales_de_vente\/\" aria-label=\"En savoir plus sur Conditions G\u00e9n\u00e9rales de Vente\">Lire la suite<\/a><\/p>\n","protected":false},"author":1,"featured_media":0,"parent":0,"menu_order":0,"comment_status":"closed","ping_status":"closed","template":"","meta":{"_seopress_robots_primary_cat":"","footnotes":""},"class_list":["post-187","page","type-page","status-publish"],"_links":{"self":[{"href":"https:\/\/www.memorypass.fr\/index.php\/wp-json\/wp\/v2\/pages\/187","targetHints":{"allow":["GET"]}}],"collection":[{"href":"https:\/\/www.memorypass.fr\/index.php\/wp-json\/wp\/v2\/pages"}],"about":[{"href":"https:\/\/www.memorypass.fr\/index.php\/wp-json\/wp\/v2\/types\/page"}],"author":[{"embeddable":true,"href":"https:\/\/www.memorypass.fr\/index.php\/wp-json\/wp\/v2\/users\/1"}],"replies":[{"embeddable":true,"href":"https:\/\/www.memorypass.fr\/index.php\/wp-json\/wp\/v2\/comments?post=187"}],"version-history":[{"count":3,"href":"https:\/\/www.memorypass.fr\/index.php\/wp-json\/wp\/v2\/pages\/187\/revisions"}],"predecessor-version":[{"id":3141,"href":"https:\/\/www.memorypass.fr\/index.php\/wp-json\/wp\/v2\/pages\/187\/revisions\/3141"}],"wp:attachment":[{"href":"https:\/\/www.memorypass.fr\/index.php\/wp-json\/wp\/v2\/media?parent=187"}],"curies":[{"name":"wp","href":"https:\/\/api.w.org\/{rel}","templated":true}]}}