{"id":199,"date":"2023-01-10T13:50:56","date_gmt":"2023-01-10T12:50:56","guid":{"rendered":"http:\/\/test.memorypass.fr\/?page_id=199"},"modified":"2023-01-12T12:11:14","modified_gmt":"2023-01-12T11:11:14","slug":"mentions-legales","status":"publish","type":"page","link":"https:\/\/www.memorypass.fr\/index.php\/mentions-legales\/","title":{"rendered":"Mentions l\u00e9gales"},"content":{"rendered":"\n<p>S\u00e9curisauve SAS<\/p>\n\n\n\n<p>Soci\u00e9t\u00e9 par actions simplifi\u00e9e au capital de 60 000 \u20ac.<\/p>\n\n\n\n<p>Enregistr\u00e9e au RCS de Auch sous le num\u00e9ro 508 264 934.<\/p>\n\n\n\n<p>Activit\u00e9 : conception, r\u00e9alisation et n\u00e9goce de tous produits informatiques et toutes prestations de services y rattach\u00e9es.<\/p>\n\n\n\n<p>Si\u00e8ge social : 14 rue Jean Bousquet 32500 Fleurance.<\/p>\n\n\n\n<p>Centre Nouvelle-Aquitaine &amp; Occitanie : BP 8 &#8211; 32502 Fleurance cedex &#8211; T\u00e9l. 05 62 64 44 32.<\/p>\n\n\n\n<p>Centre Pays de la Loire : BP 30515 &#8211; 49105 Angers cedex 2 &#8211; T\u00e9l. 02 41 93 63 56.<\/p>\n\n\n\n<p>M\u00e9l. : info@securisauve.com.<\/p>\n\n\n\n<p>Num\u00e9ro de TVA : FR 16 508 264 934.<\/p>\n\n\n\n<p>Ce site est h\u00e9berg\u00e9 par la soci\u00e9t\u00e9 Fullsave.<\/p>\n\n\n\n<p>Directeur de la publication : Nicolas MARCHAND.<\/p>\n\n\n\n<p>Cr\u00e9ation du site Internet : Eole Concept<\/p>\n","protected":false},"excerpt":{"rendered":"<p>S\u00e9curisauve SAS Soci\u00e9t\u00e9 par actions simplifi\u00e9e au capital de 60 000 \u20ac. Enregistr\u00e9e au RCS de Auch sous le num\u00e9ro 508 264 934. Activit\u00e9 : conception, r\u00e9alisation et n\u00e9goce de tous produits informatiques et toutes prestations de services y rattach\u00e9es. Si\u00e8ge social : 14 rue Jean Bousquet 32500 Fleurance. Centre Nouvelle-Aquitaine &amp; Occitanie : BP &#8230; <a title=\"Mentions l\u00e9gales\" class=\"read-more\" href=\"https:\/\/www.memorypass.fr\/index.php\/mentions-legales\/\" aria-label=\"En savoir plus sur Mentions l\u00e9gales\">Lire la suite<\/a><\/p>\n","protected":false},"author":1,"featured_media":0,"parent":0,"menu_order":0,"comment_status":"closed","ping_status":"closed","template":"","meta":{"_seopress_robots_primary_cat":"","footnotes":""},"class_list":["post-199","page","type-page","status-publish"],"_links":{"self":[{"href":"https:\/\/www.memorypass.fr\/index.php\/wp-json\/wp\/v2\/pages\/199","targetHints":{"allow":["GET"]}}],"collection":[{"href":"https:\/\/www.memorypass.fr\/index.php\/wp-json\/wp\/v2\/pages"}],"about":[{"href":"https:\/\/www.memorypass.fr\/index.php\/wp-json\/wp\/v2\/types\/page"}],"author":[{"embeddable":true,"href":"https:\/\/www.memorypass.fr\/index.php\/wp-json\/wp\/v2\/users\/1"}],"replies":[{"embeddable":true,"href":"https:\/\/www.memorypass.fr\/index.php\/wp-json\/wp\/v2\/comments?post=199"}],"version-history":[{"count":2,"href":"https:\/\/www.memorypass.fr\/index.php\/wp-json\/wp\/v2\/pages\/199\/revisions"}],"predecessor-version":[{"id":324,"href":"https:\/\/www.memorypass.fr\/index.php\/wp-json\/wp\/v2\/pages\/199\/revisions\/324"}],"wp:attachment":[{"href":"https:\/\/www.memorypass.fr\/index.php\/wp-json\/wp\/v2\/media?parent=199"}],"curies":[{"name":"wp","href":"https:\/\/api.w.org\/{rel}","templated":true}]}}